{"id":210,"date":"2015-10-26T11:53:13","date_gmt":"2015-10-26T17:53:13","guid":{"rendered":"http:\/\/nuevo.sspo.gob.mx\/?page_id=210"},"modified":"2016-04-08T14:04:02","modified_gmt":"2016-04-08T20:04:02","slug":"sprs","status":"publish","type":"page","link":"https:\/\/www.sspo.gob.mx\/?page_id=210","title":{"rendered":"Subsecretar\u00eda de Prevenci\u00f3n y Reinserci\u00f3n Social"},"content":{"rendered":"<p><iframe loading=\"lazy\" style=\"border: 0; width: 520px; height: 400px;\" src=\"https:\/\/www.youtube.com\/embed\/gc7yOClooRg\" width=\"555\" height=\"560\" frameborder=\"0\" allowfullscreen=\"allowfullscreen\"><\/iframe><\/p>\n<p style=\"text-align: center;\"><strong>UBICA TU DEPENDENCIA<\/strong><\/p>\n<p><iframe loading=\"lazy\" style=\"border: 0; width: 520px; height: 400px;\" src=\"https:\/\/www.google.com\/maps\/embed?pb=!1m18!1m12!1m3!1d345136.3749843502!2d-96.72087215831894!3d17.10909351988275!2m3!1f0!2f0!3f0!3m2!1i1024!2i768!4f13.1!3m3!1m2!1s0x85c7225b09bed095%3A0x12c3e18fb82056f6!2sPuerto+Mazatlan+213%2C+Universidad%2C+Eliseo+Jimenez+Ruiz%2C+68130+Oaxaca%2C+Oax.%2C+M%C3%A9xico!5e0!3m2!1ses-419!2s!4v1460146156588\" width=\"1024\" height=\"768\" frameborder=\"0\" allowfullscreen=\"allowfullscreen\"><\/iframe><\/p>\n","protected":false},"excerpt":{"rendered":"<p>UBICA TU DEPENDENCIA<\/p>\n","protected":false},"author":2,"featured_media":0,"parent":0,"menu_order":0,"comment_status":"closed","ping_status":"closed","template":"","meta":{"footnotes":""},"_links":{"self":[{"href":"https:\/\/www.sspo.gob.mx\/index.php?rest_route=\/wp\/v2\/pages\/210"}],"collection":[{"href":"https:\/\/www.sspo.gob.mx\/index.php?rest_route=\/wp\/v2\/pages"}],"about":[{"href":"https:\/\/www.sspo.gob.mx\/index.php?rest_route=\/wp\/v2\/types\/page"}],"author":[{"embeddable":true,"href":"https:\/\/www.sspo.gob.mx\/index.php?rest_route=\/wp\/v2\/users\/2"}],"replies":[{"embeddable":true,"href":"https:\/\/www.sspo.gob.mx\/index.php?rest_route=%2Fwp%2Fv2%2Fcomments&post=210"}],"version-history":[{"count":3,"href":"https:\/\/www.sspo.gob.mx\/index.php?rest_route=\/wp\/v2\/pages\/210\/revisions"}],"predecessor-version":[{"id":16641,"href":"https:\/\/www.sspo.gob.mx\/index.php?rest_route=\/wp\/v2\/pages\/210\/revisions\/16641"}],"wp:attachment":[{"href":"https:\/\/www.sspo.gob.mx\/index.php?rest_route=%2Fwp%2Fv2%2Fmedia&parent=210"}],"curies":[{"name":"wp","href":"https:\/\/api.w.org\/{rel}","templated":true}]}}