{"id":47318,"date":"2020-08-28T13:44:15","date_gmt":"2020-08-28T19:44:15","guid":{"rendered":"https:\/\/sspo.gob.mx\/?page_id=47318"},"modified":"2026-05-06T13:27:01","modified_gmt":"2026-05-06T19:27:01","slug":"reporte-de-avance-de-gestion-2020","status":"publish","type":"page","link":"https:\/\/www.sspo.gob.mx\/?page_id=47318","title":{"rendered":"Reportes de Avance de Gesti\u00f3n"},"content":{"rendered":"\r\n<p><a href=\"https:\/\/www.sspo.gob.mx\/wp-content\/uploads\/2026\/05\/AVANCES-DE-GESTION.pdf\" target=\"_blank\" rel=\"noopener\">Reportes de avance de gesti\u00f3n a nivel actividad<\/a><\/p>\r\n<p><strong>Reportes de avance de gesti\u00f3n 2025<\/strong><\/p>\r\n<p><a href=\"https:\/\/www.sspo.gob.mx\/wp-content\/uploads\/2025\/08\/Avance-de-gestion.pdf\" target=\"_blank\" rel=\"noopener\">Avance de gesti\u00f3n 2do. trimestre<\/a><\/p>\r\n<p><strong>Reportes de avance de gesti\u00f3n 2024<\/strong><\/p>\r\n<p><a href=\"https:\/\/www.sspo.gob.mx\/wp-content\/uploads\/2024\/09\/Avance-de-gestion-1er.-trimestre.pdf\" target=\"_blank\" rel=\"noopener\">Avance de gesti\u00f3n 1er. trimestre<\/a><\/p>\r\n<p><a href=\"https:\/\/www.sspo.gob.mx\/wp-content\/uploads\/2024\/09\/Avance-de-gestion-2o.-trimestre.pdf\" target=\"_blank\" rel=\"noopener\">Avance de gesti\u00f3n 2do. trimestre<\/a><\/p>\r\n<p><a href=\"https:\/\/www.sspo.gob.mx\/wp-content\/uploads\/2024\/09\/Avance-de-gestion-1er.-semestre.pdf\" target=\"_blank\" rel=\"noopener\">Avance de gesti\u00f3n 1er. semestre<\/a><\/p>\r\n<p><strong>Reportes de avance de gesti\u00f3n 2023<\/strong><\/p>\r\n<p><a href=\"https:\/\/sspo.gob.mx\/wp-content\/uploads\/2023\/09\/avance-de-gestion-1er-trimestre_.pdf\" target=\"_blank\" rel=\"noreferrer noopener\">Avance de gesti\u00f3n 1er. trimestre<\/a><\/p>\r\n<p><a href=\"https:\/\/sspo.gob.mx\/wp-content\/uploads\/2023\/09\/avance-de-gestion-2o-trimestre_.pdf\" target=\"_blank\" rel=\"noreferrer noopener\">Avance de gesti\u00f3n 2do. trimestre<\/a><\/p>\r\n<p><a href=\"https:\/\/sspo.gob.mx\/wp-content\/uploads\/2023\/09\/avance-de-gestion-1er-semestre_.pdf\" target=\"_blank\" rel=\"noreferrer noopener\">Avance de gesti\u00f3n 1er. semestre<\/a><\/p>\r\n<p><a href=\"https:\/\/www.sspo.gob.mx\/wp-content\/uploads\/2024\/02\/Avance-de-gestion-2do.-semestre.pdf\" target=\"_blank\" rel=\"noreferrer noopener\">Avance de gesti\u00f3n 2do. semestre<\/a><\/p>\r\n<p><a href=\"https:\/\/www.sspo.gob.mx\/wp-content\/uploads\/2024\/02\/Avance-de-gestion-3er.-trimestre_.pdf\" target=\"_blank\" rel=\"noreferrer noopener\">Avance de gesti\u00f3n 3er. trimestre<\/a><\/p>\r\n<p><a href=\"https:\/\/www.sspo.gob.mx\/wp-content\/uploads\/2024\/02\/Avance-de-gestion-4o.-trimestre.pdf\" target=\"_blank\" rel=\"noreferrer noopener\">Avance de gesti\u00f3n 4to. trimestre<\/a><\/p>\r\n<p><a href=\"https:\/\/www.sspo.gob.mx\/wp-content\/uploads\/2024\/03\/Avance-de-gestion-anual.pdf\" target=\"_blank\" rel=\"noreferrer noopener\">Avance de gesti\u00f3n anual<\/a><\/p>\r\n<p><strong>Reportes de avance de gesti\u00f3n 2022<\/strong><\/p>\r\n\r\n\r\n\r\n<p><a href=\"https:\/\/sspo.gob.mx\/wp-content\/uploads\/2022\/08\/AVANCE-DE-GESTION-1ER-TRIMESTRES_.pdf\" target=\"_blank\" rel=\"noreferrer noopener\">Avance de gesti\u00f3n 1er. trimestre<\/a><\/p>\r\n\r\n\r\n\r\n<p><a href=\"https:\/\/sspo.gob.mx\/wp-content\/uploads\/2022\/08\/AVANCE-DE-GESTION-1ER-SEMESTRE..pdf\" target=\"_blank\" rel=\"noreferrer noopener\">Avance de gesti\u00f3n 1er. semestre<\/a><\/p>\r\n\r\n\r\n\r\n<p><a href=\"https:\/\/sspo.gob.mx\/wp-content\/uploads\/2023\/02\/avance-de-gestion-2o-sem_compressed.pdf\" target=\"_blank\" rel=\"noreferrer noopener\">Avance<\/a><a href=\"https:\/\/sspo.gob.mx\/wp-content\/uploads\/2022\/08\/AVANCE-DE-GESTION-1ER-SEMESTRE..pdf\" target=\"_blank\" rel=\"noreferrer noopener\"> de gesti\u00f3n 2do. semestre<\/a><\/p>\r\n\r\n\r\n\r\n<p><a href=\"https:\/\/sspo.gob.mx\/wp-content\/uploads\/2022\/08\/AVANCE-DE-GESTION-2DO-TRIMESTRE_.pdf\" target=\"_blank\" rel=\"noreferrer noopener\">Avance de gesti\u00f3n 2do. trimestre<\/a><\/p>\r\n\r\n\r\n\r\n<p><a href=\"https:\/\/sspo.gob.mx\/wp-content\/uploads\/2023\/02\/avance-de-gestion-3er-trim_compressed.pdf\" target=\"_blank\" rel=\"noreferrer noopener\">Avance de gesti\u00f3n 3er. trimestre<\/a><\/p>\r\n\r\n\r\n\r\n<p><a href=\"https:\/\/sspo.gob.mx\/wp-content\/uploads\/2023\/02\/avance-de-gestion-4o-trim_compressed.pdf\" target=\"_blank\" rel=\"noreferrer noopener\">Avance de gesti\u00f3n 4to. trimestre<\/a><\/p>\r\n\r\n\r\n\r\n<p class=\"has-black-color has-text-color has-large-font-size\"><strong>Reportes de avance de gesti\u00f3n 2021<\/strong><\/p>\r\n\r\n\r\n\r\n<div class=\"wp-block-file\"><a id=\"wp-block-file--media-1492222d-9581-464d-93df-af5dd906eead\" href=\"https:\/\/sspo.gob.mx\/wp-content\/uploads\/2021\/09\/avance-de-gestion-primer-trimestre-2021.pdf\">Avance de gesti\u00f3n 1er. trimestre<\/a><a class=\"wp-block-file__button wp-element-button\" href=\"https:\/\/sspo.gob.mx\/wp-content\/uploads\/2021\/09\/avance-de-gestion-primer-trimestre-2021.pdf\" download=\"\" aria-describedby=\"wp-block-file--media-1492222d-9581-464d-93df-af5dd906eead\">Descarga<\/a><\/div>\r\n\r\n\r\n\r\n<div class=\"wp-block-file\"><a id=\"wp-block-file--media-dbeb5280-487b-49f7-838d-5d894441aca8\" href=\"https:\/\/sspo.gob.mx\/wp-content\/uploads\/2021\/09\/avance-de-gestion-segundo-trimestre-2021.pdf\">Avance de gesti\u00f3n 2do. trimestre<\/a><a class=\"wp-block-file__button wp-element-button\" href=\"https:\/\/sspo.gob.mx\/wp-content\/uploads\/2021\/09\/avance-de-gestion-segundo-trimestre-2021.pdf\" download=\"\" aria-describedby=\"wp-block-file--media-dbeb5280-487b-49f7-838d-5d894441aca8\">Descarga<\/a><\/div>\r\n\r\n\r\n\r\n<div class=\"wp-block-file\"><a id=\"wp-block-file--media-4798a9fb-599c-483d-a3ea-8af3d84a2837\" href=\"https:\/\/sspo.gob.mx\/wp-content\/uploads\/2022\/02\/avance-de-gestio\u0301n-3er-trimestre_comp.pdf\">Avance de gesti\u00f3n 3er. trimestre<\/a><a class=\"wp-block-file__button wp-element-button\" href=\"https:\/\/sspo.gob.mx\/wp-content\/uploads\/2022\/02\/avance-de-gestio\u0301n-3er-trimestre_comp.pdf\" download=\"\" aria-describedby=\"wp-block-file--media-4798a9fb-599c-483d-a3ea-8af3d84a2837\">Descarga<\/a><\/div>\r\n\r\n\r\n\r\n<div class=\"wp-block-file\"><a id=\"wp-block-file--media-1b70cfb0-de09-4485-9885-fe7d5241de38\" href=\"https:\/\/sspo.gob.mx\/wp-content\/uploads\/2022\/02\/avance-de-gestio\u0301n-4o-trimestre_compressed.pdf\">Avance de gesti\u00f3n 4to. trimestre<\/a><a class=\"wp-block-file__button wp-element-button\" href=\"https:\/\/sspo.gob.mx\/wp-content\/uploads\/2022\/02\/avance-de-gestio\u0301n-4o-trimestre_compressed.pdf\" download=\"\" aria-describedby=\"wp-block-file--media-1b70cfb0-de09-4485-9885-fe7d5241de38\">Descarga<\/a><\/div>\r\n\r\n\r\n\r\n<div class=\"wp-block-file\"><a id=\"wp-block-file--media-e407f099-163e-4766-b8e0-3e43eb1a3143\" href=\"https:\/\/sspo.gob.mx\/wp-content\/uploads\/2021\/09\/avance-de-gestion-primer-semestre-2021.pdf\">Avance de gesti\u00f3n 1er. semestre<\/a><a class=\"wp-block-file__button wp-element-button\" href=\"https:\/\/sspo.gob.mx\/wp-content\/uploads\/2021\/09\/avance-de-gestion-primer-semestre-2021.pdf\" download=\"\" aria-describedby=\"wp-block-file--media-e407f099-163e-4766-b8e0-3e43eb1a3143\">Descarga<\/a><\/div>\r\n\r\n\r\n\r\n<div class=\"wp-block-file\"><a id=\"wp-block-file--media-ed081492-cc4f-445c-bc71-4f55c7ce41d5\" href=\"https:\/\/sspo.gob.mx\/wp-content\/uploads\/2022\/02\/avance-de-gestio\u0301n-2o.-semestre_compressed.pdf\">Avance de gesti\u00f3n 2do. semestre<\/a><a class=\"wp-block-file__button wp-element-button\" href=\"https:\/\/sspo.gob.mx\/wp-content\/uploads\/2022\/02\/avance-de-gestio\u0301n-2o.-semestre_compressed.pdf\" download=\"\" aria-describedby=\"wp-block-file--media-ed081492-cc4f-445c-bc71-4f55c7ce41d5\">Descarga<\/a><\/div>\r\n\r\n\r\n\r\n\r\n\r\n<p>Reportes de avance de gesti\u00f3n 2020<\/p>\r\n\r\n\r\n\r\n<div class=\"wp-block-file\"><a id=\"wp-block-file--media-051a830d-2f6e-4a7e-b19c-dd7430c4be26\" href=\"https:\/\/sspo.gob.mx\/wp-content\/uploads\/2020\/08\/avance-de-gestion-1er.-trimestre.pdf\">Avance de gesti\u00f3n 1er. trimestre<\/a><a class=\"wp-block-file__button wp-element-button\" href=\"https:\/\/sspo.gob.mx\/wp-content\/uploads\/2020\/08\/avance-de-gestion-1er.-trimestre.pdf\" download=\"\" aria-describedby=\"wp-block-file--media-051a830d-2f6e-4a7e-b19c-dd7430c4be26\">Descarga<\/a><\/div>\r\n\r\n\r\n\r\n<div class=\"wp-block-file\"><a id=\"wp-block-file--media-ff562a50-78e5-457d-9c46-9a62720330db\" href=\"https:\/\/sspo.gob.mx\/wp-content\/uploads\/2020\/08\/avance-de-gestion-2o.-trimestre.pdf\">Avance de gesti\u00f3n 2o. trimestre<\/a><a class=\"wp-block-file__button wp-element-button\" href=\"https:\/\/sspo.gob.mx\/wp-content\/uploads\/2020\/08\/avance-de-gestion-2o.-trimestre.pdf\" download=\"\" aria-describedby=\"wp-block-file--media-ff562a50-78e5-457d-9c46-9a62720330db\">Descarga<\/a><\/div>\r\n\r\n\r\n\r\n<div class=\"wp-block-file\"><a id=\"wp-block-file--media-d681d4ce-8164-47fe-8094-076bfe48f51d\" href=\"https:\/\/sspo.gob.mx\/wp-content\/uploads\/2021\/01\/3er.-trim.-avance-de-gestion.pdf\">Avance de gesti\u00f3n 3er. trimestre<\/a><a class=\"wp-block-file__button wp-element-button\" href=\"https:\/\/sspo.gob.mx\/wp-content\/uploads\/2021\/01\/3er.-trim.-avance-de-gestion.pdf\" download=\"\" aria-describedby=\"wp-block-file--media-d681d4ce-8164-47fe-8094-076bfe48f51d\">Descarga<\/a><\/div>\r\n\r\n\r\n\r\n<div class=\"wp-block-file\"><a id=\"wp-block-file--media-c26724d7-a137-4e18-904f-e1d5c43888a8\" href=\"https:\/\/sspo.gob.mx\/wp-content\/uploads\/2021\/02\/Avance-de-gestion-4o-trimestre-1.pdf\">Avance de gestion 4o. trimestre<\/a><a class=\"wp-block-file__button wp-element-button\" href=\"https:\/\/sspo.gob.mx\/wp-content\/uploads\/2021\/02\/Avance-de-gestion-4o-trimestre-1.pdf\" download=\"\" aria-describedby=\"wp-block-file--media-c26724d7-a137-4e18-904f-e1d5c43888a8\">Descarga<\/a><\/div>\r\n\r\n\r\n\r\n<div class=\"wp-block-file\"><a id=\"wp-block-file--media-d9cd004d-33aa-4ef2-bf00-328c43448f74\" href=\"https:\/\/sspo.gob.mx\/wp-content\/uploads\/2020\/08\/avance-de-gestion-1er.-semestre.pdf\">Avance de gesti\u00f3n 1er. semestre<\/a><a class=\"wp-block-file__button wp-element-button\" href=\"https:\/\/sspo.gob.mx\/wp-content\/uploads\/2020\/08\/avance-de-gestion-1er.-semestre.pdf\" download=\"\" aria-describedby=\"wp-block-file--media-d9cd004d-33aa-4ef2-bf00-328c43448f74\">Descarga<\/a><\/div>\r\n\r\n\r\n\r\n<div class=\"wp-block-file\"><a id=\"wp-block-file--media-6da81bf6-25e4-4c7f-a86a-dda5a5b27d20\" href=\"https:\/\/sspo.gob.mx\/wp-content\/uploads\/2021\/01\/Reporte-2o.-semestre.pdf\">Reporte de gesti\u00f3n 2do. semestre<\/a><a class=\"wp-block-file__button wp-element-button\" href=\"https:\/\/sspo.gob.mx\/wp-content\/uploads\/2021\/01\/Reporte-2o.-semestre.pdf\" download=\"\" aria-describedby=\"wp-block-file--media-6da81bf6-25e4-4c7f-a86a-dda5a5b27d20\">Descarga<\/a><\/div>\r\n\r\n\r\n\r\n<p>&nbsp;<\/p>\r\n\r\n\r\n\r\n<p>&nbsp;<\/p>\r\n","protected":false},"excerpt":{"rendered":"<p>Reportes de avance de gesti\u00f3n a nivel actividad Reportes de avance de gesti\u00f3n 2025 Avance de gesti\u00f3n 2do. trimestre Reportes<\/p>\n","protected":false},"author":1,"featured_media":0,"parent":0,"menu_order":0,"comment_status":"closed","ping_status":"closed","template":"","meta":{"footnotes":""},"_links":{"self":[{"href":"https:\/\/www.sspo.gob.mx\/index.php?rest_route=\/wp\/v2\/pages\/47318"}],"collection":[{"href":"https:\/\/www.sspo.gob.mx\/index.php?rest_route=\/wp\/v2\/pages"}],"about":[{"href":"https:\/\/www.sspo.gob.mx\/index.php?rest_route=\/wp\/v2\/types\/page"}],"author":[{"embeddable":true,"href":"https:\/\/www.sspo.gob.mx\/index.php?rest_route=\/wp\/v2\/users\/1"}],"replies":[{"embeddable":true,"href":"https:\/\/www.sspo.gob.mx\/index.php?rest_route=%2Fwp%2Fv2%2Fcomments&post=47318"}],"version-history":[{"count":27,"href":"https:\/\/www.sspo.gob.mx\/index.php?rest_route=\/wp\/v2\/pages\/47318\/revisions"}],"predecessor-version":[{"id":59953,"href":"https:\/\/www.sspo.gob.mx\/index.php?rest_route=\/wp\/v2\/pages\/47318\/revisions\/59953"}],"wp:attachment":[{"href":"https:\/\/www.sspo.gob.mx\/index.php?rest_route=%2Fwp%2Fv2%2Fmedia&parent=47318"}],"curies":[{"name":"wp","href":"https:\/\/api.w.org\/{rel}","templated":true}]}}