{"id":60,"date":"2015-09-24T09:14:50","date_gmt":"2015-09-24T15:14:50","guid":{"rendered":"http:\/\/nuevo.sspo.gob.mx\/?page_id=60"},"modified":"2019-09-03T08:39:02","modified_gmt":"2019-09-03T14:39:02","slug":"identidad","status":"publish","type":"page","link":"https:\/\/www.sspo.gob.mx\/?page_id=60","title":{"rendered":"Identidad"},"content":{"rendered":"\n<div class=\"wp-block-image\"><figure class=\"aligncenter is-resized\"><img loading=\"lazy\" decoding=\"async\" src=\"https:\/\/sspo.gob.mx\/wp-content\/uploads\/2019\/09\/LOGOTIPOS-02-3-1024x982.png\" alt=\"\" class=\"wp-image-42085\" width=\"376\" height=\"361\" srcset=\"https:\/\/www.sspo.gob.mx\/wp-content\/uploads\/2019\/09\/LOGOTIPOS-02-3-1024x982.png 1024w, https:\/\/www.sspo.gob.mx\/wp-content\/uploads\/2019\/09\/LOGOTIPOS-02-3-300x288.png 300w, https:\/\/www.sspo.gob.mx\/wp-content\/uploads\/2019\/09\/LOGOTIPOS-02-3-768x737.png 768w, https:\/\/www.sspo.gob.mx\/wp-content\/uploads\/2019\/09\/LOGOTIPOS-02-3.png 1329w\" sizes=\"(max-width: 376px) 100vw, 376px\" \/><\/figure><\/div>\n\n\n\n<p><strong>VALORES<\/strong><\/p>\n<p><strong>Lealtad:<\/strong>\u00a0Fidelidad a la patria, a sus instituciones y a la Ley.<\/p>\n<p><strong>Disciplina:<\/strong>\u00a0Observancia estricta a las normas que rigen el servicio, asumiendo las consecuencias de su incumplimiento.<\/p>\n<p><strong>Honor:<\/strong>\u00a0Enaltecimiento institucional y personal, por la satisfacci\u00f3n del cumplimiento de los deberes.<\/p>\n<p><strong>Dignidad:<\/strong>\u00a0Integridad en los actos personales y de servicio, sublimados en la rectitud y honestidad al pertenecer a la instituci\u00f3n.<\/p>\n<p><strong>Autoridad:<\/strong>\u00a0Ejercicio responsable y eficiente en el desarrollo de las funciones policiales.<\/p>\n<p><strong>Moral:<\/strong>\u00a0Actitud que enaltece el esp\u00edritu, discernimiento del correcto actuar humano.<\/p>\n<p><strong>Sacrificio:<\/strong>\u00a0Abnegaci\u00f3n al servicio, ofrendando la vida en el cumplimiento del deber.<\/p>\n<br> \n<p>Por acuerdo del Gobierno del Estado, las corporaciones policiales pertenecientes a la Secretar\u00eda de Seguridad P\u00fablica de Oaxaca y la propia dependencia, adoptan como emblema institucional, la estrella de siete puntas. Lo anterior con base en el acuerdo publicado en el Peri\u00f3dico Oficial del Gobierno del Estado con fecha 30 de julio de 2016 (SSPO\/05\/2016) que manifiesta que la finalidad de establecer un emblema est\u00e1ndar, es la de dotar a las instituciones policiales de la Secretar\u00eda de Seguridad P\u00fablica, de sentido de pertenencia y arraigo para un mejor desempe\u00f1o de sus funciones, renovando el reconociendo de la sociedad hacia las mismas.<\/p>\n<p>En estos t\u00e9rminos se dispone la adopci\u00f3n del dise\u00f1o de la estrella de siete puntas con destellos plateados. Al centro de esta, un escudo con v\u00e9rtice superior y costados curvos. Al interior, las siglas \u201cSSP\u201d para el uso de la Secretar\u00eda de Seguridad P\u00fablica y cuando identifique a las instituciones policiales en la franja se escribir\u00e1 \u201cPolic\u00eda Estatal\u201d, \u201cPolic\u00eda Vial\u201d, \u201cPolic\u00eda Auxiliar\u201d, \u201cSeguridad Penitenciaria\u201d o \u201cBomberos\u201d, seg\u00fan corresponda, sobre una cintilla tricolor (verde, blanco y rojo), que abarca de un extremo al otro del escudo. Al centro, el escudo de armas del Estado Libre y Soberano de Oaxaca. Al pie del escudo llevar\u00e1 el nombre de la entidad federativa \u201cOaxaca\u201d.<\/p>\n<p>Lo que en conjunto representa la fuerza, el valor, la rectitud, la integridad, la probidad y la disposici\u00f3n en beneficio de la ciudadan\u00eda. De esta manera, los siete rayos de la estrella son representativos de los valores policiales del Sacrificio, Lealtad, Disciplina, Honor, Dignidad, Autoridad y Moral. La cintilla tricolor representa la Bandera Nacional, el apego y respeto a los S\u00edmbolos Nacionales.<\/br><\/p>\n","protected":false},"excerpt":{"rendered":"<p>VALORES Lealtad:\u00a0Fidelidad a la patria, a sus instituciones y a la Ley. Disciplina:\u00a0Observancia estricta a las normas que rigen el<\/p>\n","protected":false},"author":1,"featured_media":0,"parent":0,"menu_order":0,"comment_status":"closed","ping_status":"closed","template":"","meta":{"footnotes":""},"_links":{"self":[{"href":"https:\/\/www.sspo.gob.mx\/index.php?rest_route=\/wp\/v2\/pages\/60"}],"collection":[{"href":"https:\/\/www.sspo.gob.mx\/index.php?rest_route=\/wp\/v2\/pages"}],"about":[{"href":"https:\/\/www.sspo.gob.mx\/index.php?rest_route=\/wp\/v2\/types\/page"}],"author":[{"embeddable":true,"href":"https:\/\/www.sspo.gob.mx\/index.php?rest_route=\/wp\/v2\/users\/1"}],"replies":[{"embeddable":true,"href":"https:\/\/www.sspo.gob.mx\/index.php?rest_route=%2Fwp%2Fv2%2Fcomments&post=60"}],"version-history":[{"count":29,"href":"https:\/\/www.sspo.gob.mx\/index.php?rest_route=\/wp\/v2\/pages\/60\/revisions"}],"predecessor-version":[{"id":42091,"href":"https:\/\/www.sspo.gob.mx\/index.php?rest_route=\/wp\/v2\/pages\/60\/revisions\/42091"}],"wp:attachment":[{"href":"https:\/\/www.sspo.gob.mx\/index.php?rest_route=%2Fwp%2Fv2%2Fmedia&parent=60"}],"curies":[{"name":"wp","href":"https:\/\/api.w.org\/{rel}","templated":true}]}}