{"id":78,"date":"2015-09-24T09:23:01","date_gmt":"2015-09-24T15:23:01","guid":{"rendered":"http:\/\/nuevo.sspo.gob.mx\/?page_id=78"},"modified":"2019-09-03T08:44:02","modified_gmt":"2019-09-03T14:44:02","slug":"mision-vision-y-valores","status":"publish","type":"page","link":"https:\/\/www.sspo.gob.mx\/?page_id=78","title":{"rendered":"Misi\u00f3n y Visi\u00f3n"},"content":{"rendered":"<p><strong>MISI\u00d3N<\/strong><\/p>\n<p>Garantizar y preservar la seguridad f\u00edsica y patrimonial de las y los oaxaque\u00f1os y, de todos los ciudadanos que transitan en el Estado, implementando pol\u00edticas para el uso eficiente de los recursos y elementos, con una estrategia de acciones encaminadas a combatir las causas de la incidencia delictiva con base en los principios de legalidad, objetividad, eficiencia, profesionalismo, honradez y respeto a los derechos humanos; as\u00ed como, administrar la seguridad penitenciaria, fortaleciendo la reinserci\u00f3n social.<\/p>\n<p><strong> VISI\u00d3N<\/strong><\/p>\n<p>Consolidar a la Secretar\u00eda de Seguridad P\u00fablica de Oaxaca como una instituci\u00f3n garante de la paz y el orden p\u00fablico; combatiendo frontalmente la incidencia delictiva, con estricto apego a los derechos humanos y constitucionales; en coordinaci\u00f3n con las dem\u00e1s instituciones de seguridad p\u00fablica de los \u00f3rdenes del gobierno federal y municipal, a trav\u00e9s de una pol\u00edtica integral que involucre activamente a la ciudadan\u00eda hacia la construcci\u00f3n de un entidad en donde el orden y la paz social sean activos principales para detonar su desarrollo en el concierto de los estados de la federaci\u00f3n.<\/p>\n","protected":false},"excerpt":{"rendered":"<p>MISI\u00d3N Garantizar y preservar la seguridad f\u00edsica y patrimonial de las y los oaxaque\u00f1os y, de todos los ciudadanos que<\/p>\n","protected":false},"author":1,"featured_media":0,"parent":0,"menu_order":0,"comment_status":"closed","ping_status":"closed","template":"","meta":{"footnotes":""},"_links":{"self":[{"href":"https:\/\/www.sspo.gob.mx\/index.php?rest_route=\/wp\/v2\/pages\/78"}],"collection":[{"href":"https:\/\/www.sspo.gob.mx\/index.php?rest_route=\/wp\/v2\/pages"}],"about":[{"href":"https:\/\/www.sspo.gob.mx\/index.php?rest_route=\/wp\/v2\/types\/page"}],"author":[{"embeddable":true,"href":"https:\/\/www.sspo.gob.mx\/index.php?rest_route=\/wp\/v2\/users\/1"}],"replies":[{"embeddable":true,"href":"https:\/\/www.sspo.gob.mx\/index.php?rest_route=%2Fwp%2Fv2%2Fcomments&post=78"}],"version-history":[{"count":19,"href":"https:\/\/www.sspo.gob.mx\/index.php?rest_route=\/wp\/v2\/pages\/78\/revisions"}],"predecessor-version":[{"id":57639,"href":"https:\/\/www.sspo.gob.mx\/index.php?rest_route=\/wp\/v2\/pages\/78\/revisions\/57639"}],"wp:attachment":[{"href":"https:\/\/www.sspo.gob.mx\/index.php?rest_route=%2Fwp%2Fv2%2Fmedia&parent=78"}],"curies":[{"name":"wp","href":"https:\/\/api.w.org\/{rel}","templated":true}]}}